{"id":370,"date":"2015-07-21T10:01:31","date_gmt":"2015-07-21T08:01:31","guid":{"rendered":"https:\/\/www.epos-cat.de\/web\/?page_id=370"},"modified":"2025-06-04T11:15:57","modified_gmt":"2025-06-04T09:15:57","slug":"kontakt","status":"publish","type":"page","link":"https:\/\/www.epos-cat.de\/web\/kontakt\/","title":{"rendered":"Kontakt"},"content":{"rendered":"<div id=\"cs-content\" class=\"cs-content\"><div id=\"Impressum\" class=\"x-section\" style=\"margin: 0px;padding: 5% 0px; background-color: transparent;\" ><div id=\"\" class=\"x-container max width\" style=\"margin: 0px auto;padding: 0px;\" ><div  class=\"x-column x-sm x-1-2\" style=\"padding: 0px;\" ><h2  class=\"h-custom-headline cs-ta-left man h2\" ><span>Impressum<\/span><\/h2><div id=\"\" class=\"x-text cs-ta-left\" style=\"\" ><h4>Firmenangaben:<\/h4>\n<p>EPOS CAT GmbH<br \/>\nFriedrichshofener Str. 1s<br \/>\n85049 Ingolstadt<\/p>\n<p>Gesch\u00e4ftsf\u00fchrung:<br \/>\nHans Donat &amp; Ediba Hastor<\/p>\n<p>Tel.: +49 841 88197070<br \/>\nFax.: +49 841 88197080<br \/>\ninfo@epos-cat.de<\/p>\n<p>PGP-Key als <a href=\"https:\/\/www.epos-cat.de\/web\/wp-content\/uploads\/2015\/07\/epos-pgp-public.asc\">ASCII-Datei<\/a> oder <a href=\"https:\/\/www.epos-cat.de\/web\/wp-content\/uploads\/2015\/07\/epos-pgp-public.zip\">ZIP-Datei<\/a><\/p>\n<\/div><\/div><div  class=\"x-column x-sm x-1-2\" style=\"padding: 0px;\" ><hr  class=\"x-gap\" style=\"margin: 40px 0 0 0;\"><div id=\"\" class=\"x-text\" style=\"paddingt-top:0px;\" ><h4>Rechtliche Informationen:<\/h4>\n<p>Vertretungsberechtigte Gesch\u00e4ftsf\u00fchrung:<br \/>\nHans Donat &amp; Ediba Hastor<\/p>\n<p>Registergericht:<br \/>\nAmtsgericht Ingolstadt<\/p>\n<p>Registernummer:<br \/>\nHRB 2802<\/p>\n<p>Umsatzsteuer-Identifikationsnummer gem\u00e4\u00df \u00a727 a Umsatzsteuergesetz:<br \/>\nDE812955391<\/p>\n<p>D-U-N-S Nummer:<br \/>\n32-767-0522<\/p>\n<\/div><\/div><\/div><div id=\"\" class=\"x-container max width\" style=\"margin: 0px auto;padding: 0px;\" ><div  class=\"x-column x-sm x-1-1\" style=\"padding: 0px;\" ><div id=\"\" class=\"x-text\" style=\"\" ><h4>Haftungsausschluss (Disclaimer)<\/h4>\n<h5>Haftung f\u00fcr Inhalte<\/h5>\n<p>Als Diensteanbieter sind wir f\u00fcr eigene Inhalte auf diesen Seiten nach den allgemeinen Gesetzen verantwortlich. Wir sind als Diensteanbieter jedoch nicht verpflichtet, \u00fcbermittelte oder gespeicherte fremde Informationen zu \u00fcberwachen oder nach Umst\u00e4nden zu forschen, die auf eine rechtswidrige T\u00e4tigkeit hinweisen.<\/p>\n<p>Verpflichtungen zur Entfernung oder Sperrung der Nutzung von Informationen nach den allgemeinen Gesetzen bleiben hiervon unber\u00fchrt. Eine diesbez\u00fcgliche Haftung ist jedoch erst ab dem Zeitpunkt der Kenntnis einer konkreten Rechtsverletzung m\u00f6glich. Bei Bekanntwerden von entsprechenden Rechtsverletzungen werden wir diese Inhalte umgehend entfernen.<\/p>\n<h5>Haftung f\u00fcr Links<\/h5>\n<p>Unser Angebot enth\u00e4lt Links zu externen Webseiten Dritter, auf deren Inhalte wir keinen Einfluss haben.<br \/>\nDeshalb k\u00f6nnen wir f\u00fcr diese fremden Inhalte auch keine Gew\u00e4hr \u00fcbernehmen. F\u00fcr die Inhalte der verlinkten<br \/>\nSeiten ist stets der jeweilige Anbieter oder Betreiber der Seiten verantwortlich. Die verlinkten Seiten wurden zum Zeitpunkt der Verlinkung auf m\u00f6gliche Rechtsverst\u00f6\u00dfe \u00fcberpr\u00fcft. Rechtswidrige Inhalte waren zum Zeitpunkt der Verlinkung nicht erkennbar. Eine permanente inhaltliche Kontrolle der verlinkten Seiten ist jedoch ohne konkrete Anhaltspunkte einer Rechtsverletzung nicht zumutbar. Bei Bekanntwerden von Rechtsverletzungen werden wir derartige Links umgehend entfernen.<\/p>\n<h5>Urheberrecht<\/h5>\n<p>Die durch die Seitenbetreiber erstellten Inhalte und Werke auf diesen Seiten unterliegen dem deutschen<br \/>\nUrheberrecht. Die Vervielf\u00e4ltigung, Bearbeitung, Verbreitung und jede Art der Verwertung au\u00dferhalb der Grenzen des Urheberrechtes bed\u00fcrfen der schriftlichen Zustimmung des jeweiligen Autors bzw. Erstellers.<br \/>\nDownloads und Kopien dieser Seite sind nur f\u00fcr den privaten, nicht kommerziellen Gebrauch gestattet. Soweit die Inhalte auf dieser Seite nicht vom Betreiber erstellt wurden, werden die Urheberrechte Dritter beachtet. Insbesondere werden Inhalte Dritter als solche gekennzeichnet. Sollten Sie trotzdem auf eine Urheberrechtsverletzung aufmerksam werden, bitten wir um einen entsprechenden Hinweis. Bei Bekanntwerden von Rechtsverletzungen werden wir derartige Inhalte umgehend entfernen.<\/p>\n<\/div><\/div><\/div><\/div><div id=\"Anfahrt\" class=\"x-section\" style=\"margin: 0px;padding: 0px; background-color: transparent;\" ><div id=\"\" class=\"x-container max width\" style=\"margin: 0px auto;padding: 0px;\" ><div  class=\"x-column x-sm x-1-1\" style=\"padding: 0px;\" ><h2  class=\"h-custom-headline cs-ta-left h2\" style=\"padding-bottom: 45px;\"><span>Anfahrt<\/span><\/h2><div id=\"x-google-map-1\" class=\"x-map x-google-map man\" data-x-element=\"google_map\" data-x-params=\"{&quot;lat&quot;:&quot;48.77717&quot;,&quot;lng&quot;:&quot;11.37995&quot;,&quot;drag&quot;:true,&quot;zoom&quot;:&quot;14&quot;,&quot;zoomControl&quot;:true,&quot;hue&quot;:&quot;#b1b3b4&quot;,&quot;mapId&quot;:&quot;DEMO_MAP_ID&quot;}\" ><div class=\"x-map-inner x-google-map-inner\" style=\"padding-bottom: 400px;\"><\/div><div class=\"x-google-map-marker\" style=\"position: absolute; visibility: hidden;\" data-x-element=\"google_map_marker\" data-x-params=\"{&quot;lat&quot;:&quot;48.77717&quot;,&quot;lng&quot;:&quot;11.37995&quot;,&quot;markerInfo&quot;:&quot;&quot;,&quot;startOpen&quot;:false}\"><\/div><\/div><\/div><\/div><\/div><div id=\"Feedback\" class=\"x-section\" style=\"margin: 0px;padding: 5% 0px 0px; background-color: transparent;\" ><div id=\"\" class=\"x-container max width\" style=\"margin: 0px auto;padding: 0px;\" ><div  class=\"x-column x-sm x-1-1\" style=\"padding: 0px;\" ><h2  class=\"h-custom-headline cs-ta-left h2\" ><span>Feedback<\/span><\/h2><\/div><\/div><\/div><div id=\"x-section-4\" class=\"x-section\" style=\"margin: 0px;padding: 0px 0px 45px; background-color: transparent;\" ><div id=\"\" class=\"x-container max width\" style=\"margin: 0px auto;padding: 0px;\" ><div  class=\"x-column x-sm x-1-3\" style=\"padding: 0px;\" ><hr  class=\"x-gap\" style=\"margin: 25px 0 0 0;\"><hr  class=\"x-hr\" style=\"border-top-width: 1px;width: 100%;\"><div id=\"\" class=\"x-text\" style=\"\" ><p><em>Ihre Meinung ist uns wichtig.<\/p>\n<p>Bitte nutzen Sie dieses Formular, um uns Vorschl\u00e4ge, Kritik oder Fragen zu \u00fcbermitteln. <\/p>\n<p>Wir freuen uns auf Ihre Nachricht und k\u00fcmmern uns umgehend darum.<\/p>\n<p>Vielen Dank.<\/em><\/p>\n<\/div><hr  class=\"x-hr\" style=\"border-top-width: 1px;width: 100%;\"><\/div><div  class=\"x-column x-sm x-2-3\" style=\"padding: 0px;\" ><h4  class=\"h-custom-headline h4\" style=\"color:#f2951c;\"><span>Was k\u00f6nnen wir f\u00fcr Sie tun?<\/span><\/h4><hr  class=\"x-gap\" style=\"margin: 30px 0 0 0;\">\n<div class=\"wpcf7 no-js\" id=\"wpcf7-f418-o1\" lang=\"de-DE\" dir=\"ltr\" data-wpcf7-id=\"418\">\n<div class=\"screen-reader-response\"><p role=\"status\" aria-live=\"polite\" aria-atomic=\"true\"><\/p> <ul><\/ul><\/div>\n<form action=\"\/web\/wp-json\/wp\/v2\/pages\/370#wpcf7-f418-o1\" method=\"post\" class=\"wpcf7-form init\" aria-label=\"Kontaktformular\" novalidate=\"novalidate\" data-status=\"init\">\n<div style=\"display: none;\">\n<input type=\"hidden\" name=\"_wpcf7\" value=\"418\" \/>\n<input type=\"hidden\" name=\"_wpcf7_version\" value=\"6.0.6\" \/>\n<input type=\"hidden\" name=\"_wpcf7_locale\" value=\"de_DE\" \/>\n<input type=\"hidden\" name=\"_wpcf7_unit_tag\" value=\"wpcf7-f418-o1\" \/>\n<input type=\"hidden\" name=\"_wpcf7_container_post\" value=\"0\" \/>\n<input type=\"hidden\" name=\"_wpcf7_posted_data_hash\" value=\"\" \/>\n<\/div>\n<p>Ihr Name (Pflichtfeld)\n<\/p>\n<p><span class=\"wpcf7-form-control-wrap\" data-name=\"your-name\"><input size=\"40\" maxlength=\"400\" class=\"wpcf7-form-control wpcf7-text wpcf7-validates-as-required\" aria-required=\"true\" aria-invalid=\"false\" value=\"\" type=\"text\" name=\"your-name\" \/><\/span>\n<\/p>\n<p>Ihre E-Mail-Adresse (Pflichtfeld)\n<\/p>\n<p><span class=\"wpcf7-form-control-wrap\" data-name=\"your-email\"><input size=\"40\" maxlength=\"400\" class=\"wpcf7-form-control wpcf7-email wpcf7-validates-as-required wpcf7-text wpcf7-validates-as-email\" aria-required=\"true\" aria-invalid=\"false\" value=\"\" type=\"email\" name=\"your-email\" \/><\/span>\n<\/p>\n<p>Betreff\n<\/p>\n<p><span class=\"wpcf7-form-control-wrap\" data-name=\"your-subject\"><input size=\"40\" maxlength=\"400\" class=\"wpcf7-form-control wpcf7-text wpcf7-validates-as-required\" aria-required=\"true\" aria-invalid=\"false\" value=\"\" type=\"text\" name=\"your-subject\" \/><\/span>\n<\/p>\n<p>Ihre Nachricht\n<\/p>\n<p><span class=\"wpcf7-form-control-wrap\" data-name=\"your-message\"><textarea cols=\"40\" rows=\"10\" maxlength=\"2000\" class=\"wpcf7-form-control wpcf7-textarea\" aria-invalid=\"false\" name=\"your-message\"><\/textarea><\/span>\n<\/p>\n<p><span class=\"wpcf7-form-control-wrap\" data-name=\"quiz-851\"><label><span class=\"wpcf7-quiz-label\">Die Hauptstadt von Deutschland?<\/span> <input size=\"40\" class=\"wpcf7-form-control wpcf7-quiz\" autocomplete=\"off\" aria-required=\"true\" aria-invalid=\"false\" type=\"text\" name=\"quiz-851\" \/><\/label><input type=\"hidden\" name=\"_wpcf7_quiz_answer_quiz-851\" value=\"9e09ed157ae0ffefe1c6de4fc831c5e8\" \/><\/span>\n<\/p>\n<p><span class=\"wpcf7-form-control-wrap\" data-name=\"accept-this-1\"><span class=\"wpcf7-form-control wpcf7-acceptance\"><span class=\"wpcf7-list-item\"><label><input type=\"checkbox\" name=\"accept-this-1\" value=\"1\" aria-invalid=\"false\" \/><span class=\"wpcf7-list-item-label\">Ich habe die <a href=https:\/\/www.epos-cat.de\/web\/datenschutzerklaerung>Datenschutzerkl\u00e4rung<\/a> zur Kenntnis genommen, verstanden und akzeptiere diese.<\/span><\/label><\/span><\/span><\/span>\n<\/p>\n<p><input class=\"wpcf7-form-control wpcf7-submit has-spinner\" type=\"submit\" value=\"Senden\" \/>\n<\/p><div class=\"wpcf7-response-output\" aria-hidden=\"true\"><\/div>\n<\/form>\n<\/div>\n<\/div><\/div><\/div><\/div>\n","protected":false},"excerpt":{"rendered":"","protected":false},"author":1,"featured_media":0,"parent":0,"menu_order":0,"comment_status":"closed","ping_status":"closed","template":"template-layout-full-width.php","meta":{"rs_blank_template":"","rs_page_bg_color":"","slide_template_v7":"","footnotes":""},"class_list":["post-370","page","type-page","status-publish","hentry","no-post-thumbnail"],"_links":{"self":[{"href":"https:\/\/www.epos-cat.de\/web\/wp-json\/wp\/v2\/pages\/370","targetHints":{"allow":["GET"]}}],"collection":[{"href":"https:\/\/www.epos-cat.de\/web\/wp-json\/wp\/v2\/pages"}],"about":[{"href":"https:\/\/www.epos-cat.de\/web\/wp-json\/wp\/v2\/types\/page"}],"author":[{"embeddable":true,"href":"https:\/\/www.epos-cat.de\/web\/wp-json\/wp\/v2\/users\/1"}],"replies":[{"embeddable":true,"href":"https:\/\/www.epos-cat.de\/web\/wp-json\/wp\/v2\/comments?post=370"}],"version-history":[{"count":57,"href":"https:\/\/www.epos-cat.de\/web\/wp-json\/wp\/v2\/pages\/370\/revisions"}],"predecessor-version":[{"id":4774,"href":"https:\/\/www.epos-cat.de\/web\/wp-json\/wp\/v2\/pages\/370\/revisions\/4774"}],"wp:attachment":[{"href":"https:\/\/www.epos-cat.de\/web\/wp-json\/wp\/v2\/media?parent=370"}],"curies":[{"name":"wp","href":"https:\/\/api.w.org\/{rel}","templated":true}]}}