{"id":400,"date":"2015-07-21T13:46:46","date_gmt":"2015-07-21T11:46:46","guid":{"rendered":"https:\/\/www.epos-cat.de\/web\/?page_id=400"},"modified":"2026-02-04T13:29:04","modified_gmt":"2026-02-04T12:29:04","slug":"karriere","status":"publish","type":"page","link":"https:\/\/www.epos-cat.de\/web\/karriere\/","title":{"rendered":"Karriere"},"content":{"rendered":"<div id=\"cs-content\" class=\"cs-content\"><div id=\"x-section-1\" class=\"x-section\" style=\"margin: 0px;padding: 45px 0px 0px; background-color: transparent;\" ><div id=\"\" class=\"x-container max width\" style=\"margin: 0px auto;padding: 0px;\" ><div  class=\"x-column x-sm x-1-1\" style=\"padding: 0px;\" ><h2  class=\"h-custom-headline h3\" ><span>Willkommen auf unseren Karriereseiten!<\/span><\/h2><hr  class=\"x-gap\" style=\"margin: 50px 0 0 0;\"><div class=\"x-flexslider-shortcode-container\"><div  class=\"x-flexslider x-flexslider-shortcode x-flexslider-shortcode-1\" data-x-element-slider=\"{&quot;animation&quot;:&quot;slide&quot;,&quot;reverse&quot;:false,&quot;slideTime&quot;:&quot;7000&quot;,&quot;slideSpeed&quot;:&quot;2000&quot;,&quot;controlNav&quot;:true,&quot;prevNextNav&quot;:true,&quot;slideshow&quot;:true,&quot;random&quot;:false,&quot;touch&quot;:true,&quot;pauseOnHover&quot;:true}\" ><ul class=\"x-slides\"><li  class=\"x-slide\" ><img loading=\"lazy\" decoding=\"async\" src=\"https:\/\/www.epos-cat.de\/web\/wp-content\/uploads\/2024\/05\/Werde_teil_unseres_teams_1200x600.png\" width=\"1200\" height=\"600\" alt=\"epos-team\" class=\"alignnone\" \/><\/li><li  class=\"x-slide\" ><img loading=\"lazy\" decoding=\"async\" src=\"https:\/\/www.epos-cat.de\/web\/wp-content\/uploads\/2016\/11\/Emmily_1200x600.png\" alt=\"testbild-1200x600\" width=\"1200\" height=\"600\" class=\"alignnone\" \/><\/li><li  class=\"x-slide\" ><img loading=\"lazy\" decoding=\"async\" src=\"https:\/\/www.epos-cat.de\/web\/wp-content\/uploads\/2016\/11\/Matthias_1200x600.png\" alt=\"testbild-1200x600\" width=\"1200\" height=\"600\" class=\"alignnone\" \/><\/li><\/ul><\/div><\/div><\/div><\/div><\/div><div id=\"Stellenanzeigen\" class=\"x-section\" style=\"margin: 0px;padding: 0px; background-color: transparent;\" ><div id=\"\" class=\"x-container max width\" style=\"margin: 0px auto;padding: 0px;\" ><div  class=\"x-column x-sm x-1-2\" style=\"padding: 0px;\" ><h2  class=\"h-custom-headline resp-h man h3\" style=\"padding-bottom: 10px;\"><span>Stellenanzeigen<\/span><\/h2><div  class=\"x-recent-posts cf vertical\"  data-x-element=\"recent_posts\" data-x-params=\"{&quot;fade&quot;:true}\" data-fade=\"true\" ><a class=\"x-recent-post3 with-image\" href=\"https:\/\/www.epos-cat.de\/web\/2025\/12\/19\/software-entwickler-m-w-d\/\" title=\"Permalink to: &quot;Software-Entwickler (m\/w\/d)&quot;\"><article id=\"post-4456\" class=\"post-4456 post type-post status-publish format-standard has-post-thumbnail hentry category-stellenanzeigen\"><div class=\"entry-wrap\"><div class=\"x-recent-posts-img\" style=\"background-image: url(https:\/\/www.epos-cat.de\/web\/wp-content\/uploads\/2015\/08\/Karriere_Stellenanzeige_START.png);\"><i class='x-framework-icon x-recent-posts-icon' data-x-icon-s='&#xf15c;' aria-hidden=true><\/i><\/div><div class=\"x-recent-posts-content\"><h3 class=\"h-recent-posts\">Software-Entwickler (m\/w\/d)<\/h3><span class=\"x-recent-posts-date\">19. Dezember 2025<\/span><\/div><\/div><\/article><\/a><a class=\"x-recent-post3 with-image\" href=\"https:\/\/www.epos-cat.de\/web\/2025\/12\/19\/it-support-windows-linux-m-w-d\/\" title=\"Permalink to: &quot;IT-Support Windows \/ Linux (m\/w\/d)&quot;\"><article id=\"post-4238\" class=\"post-4238 post type-post status-publish format-standard has-post-thumbnail hentry category-stellenanzeigen\"><div class=\"entry-wrap\"><div class=\"x-recent-posts-img\" style=\"background-image: url(https:\/\/www.epos-cat.de\/web\/wp-content\/uploads\/2015\/08\/Karriere_Stellenanzeige_RICHTUNG.png);\"><i class='x-framework-icon x-recent-posts-icon' data-x-icon-s='&#xf15c;' aria-hidden=true><\/i><\/div><div class=\"x-recent-posts-content\"><h3 class=\"h-recent-posts\">IT-Support Windows \/ Linux (m\/w\/d)<\/h3><span class=\"x-recent-posts-date\">19. Dezember 2025<\/span><\/div><\/div><\/article><\/a><a class=\"x-recent-post3 with-image\" href=\"https:\/\/www.epos-cat.de\/web\/2025\/12\/19\/it-administrator-fachinformatiker-systemadministrator-m-w-d\/\" title=\"Permalink to: &quot;IT-Administrator \/ Fachinformatiker \/ Systemadministrator (m\/w\/d)&quot;\"><article id=\"post-4234\" class=\"post-4234 post type-post status-publish format-standard has-post-thumbnail hentry category-stellenanzeigen\"><div class=\"entry-wrap\"><div class=\"x-recent-posts-img\" style=\"background-image: url(https:\/\/www.epos-cat.de\/web\/wp-content\/uploads\/2015\/08\/Karriere_Stellenanzeige_START.png);\"><i class='x-framework-icon x-recent-posts-icon' data-x-icon-s='&#xf15c;' aria-hidden=true><\/i><\/div><div class=\"x-recent-posts-content\"><h3 class=\"h-recent-posts\">IT-Administrator \/ Fachinformatiker \/ Systemadministrator (m\/w\/d)<\/h3><span class=\"x-recent-posts-date\">19. Dezember 2025<\/span><\/div><\/div><\/article><\/a><\/div><div id=\"\" class=\"x-text\" style=\"\" ><h4><a href=\"\/web\/category\/stellenanzeigen\/\">Alle Stellenanzeigen \u00a0 <i  class=\"x-icon x-icon-external-link\" data-x-icon-s=\"&#xf08e;\" aria-hidden=\"true\"><\/i><\/a><\/h4>\n<\/div><\/div><div  class=\"x-column x-sm x-1-2\" style=\"padding: 0px;\" ><hr  class=\"x-gap\" style=\"margin: 40px 0 0 0;\"><div id=\"\" class=\"x-text\" style=\"\" ><p>Wenn du als erfahrene Fachkraft bzw. als ambitionierter Absolvent eigenverantwortlich in Projekten arbeiten m\u00f6chtest, dann bist du bei uns richtig.<\/p>\n<p>In unserem interdisziplin\u00e4ren Team von Spezialisten kannst du dein Talent voll entfalten und dich beruflich und pers\u00f6nlich weiterentwickeln.<\/p>\n<p>Du \u00fcberzeugst uns mit deiner fachlichen und sozialen Kompetenz, deinem Engagement und dem Anspruch, immer die besten Ergebnisse f\u00fcr unsere Kunden zu erzielen.<\/p>\n<\/div><div id=\"\" class=\"x-text\" style=\"\" ><p>Keine passende Stelle gefunden? Dann bewirb dich bitte mit dem Stichwort \u201eInitiativ\u201c per E-Mail an bewerbung@epos-cat.de.<\/p>\n<p>Weitere Informationen finden sich auch in unserem Recruiting-Faltblatt: <a href=\"https:\/\/www.epos-cat.de\/web\/wp-content\/uploads\/2016\/10\/EPOS_Recruiting_Faltblatt.pdf\">Der passende Baustein f\u00fcr Ihre Karriere<\/a>.<\/p>\n<\/div><\/div><\/div><\/div><div id=\"Absolventen\" class=\"x-section\" style=\"margin: 0px;padding: 0px 0px 5%; background-color: transparent;\" ><div id=\"\" class=\"x-container max width\" style=\"margin: 0px auto;padding: 0px;\" ><div id=\"Absolventen\" class=\"x-column x-sm cs-ta-left x-1-1\" style=\"padding: %;\" ><h2  class=\"h-custom-headline h3\" ><span>Arbeiten bei EPOS<\/span><\/h2><div id=\"\" class=\"x-text\" style=\"\" ><p>Wir freuen uns auf engagierte neue Kolleginnen und Kollegen. Bei uns erwarten euch interessante und abwechslungsreiche Aufgaben mit langfristiger beruflicher Perspektive.<\/p>\n<p>Dar\u00fcber hinaus bieten wir:<\/p>\n<ul>\n<li>Arbeiten in einem etablierten und strukturierten Umfeld<\/li>\n<li>Ein offener und wertsch\u00e4tzenden Umgang<\/li>\n<li>Flexible\/planbare Arbeitszeiten sowie 30 Tage Urlaub<\/li>\n<li>I. d. R. keine \u00dcberstunden sowie Erreichbarkeit nach Feierabend oder verpflichtende Ruf-\/Reisebereitschaft<\/li>\n<li>Variable Arbeitsmodelle (Vor-Ort, remote oder hybrid)<\/li>\n<li>Allgemeine &amp; individuelle Weiterbildungsangebote<\/li>\n<li>Langfristige Perspektiven &amp; M\u00f6glichkeiten zur Weiterentwicklung<\/li>\n<li>Eine Vielzahl an Mitarbeiter-Benefits (Personal Trainer, JobRad, Deutschland-Ticket, After-Work-Veranstaltungen etc.)<\/li>\n<\/ul>\n<\/div><h2  class=\"h-custom-headline resp-h man h3\" style=\"padding-bottom: 10px;\"><span>Junge Talente<\/span><\/h2><ul  class=\"x-nav x-nav-tabs three-up top\"  data-x-element=\"tab_nav\" data-x-params=\"{&quot;orientation&quot;:&quot;horizontal&quot;}\" role=\"tablist\"><li  class=\"x-nav-tabs-item active\"  role=\"presentation\"><a id=\"x-legacy-tab-1\" aria-selected=\"true\" aria-controls=\"x-legacy-panel-1\" role=\"tab\" data-x-toggle=\"tab\" data-x-toggleable=\"x-legacy-tab-1\" data-x-toggle-group=\"69dec21aaca94\">Duales Studium<\/a><\/li><li  class=\"x-nav-tabs-item\"  role=\"presentation\"><a id=\"x-legacy-tab-2\" aria-selected=\"false\" aria-controls=\"x-legacy-panel-2\" role=\"tab\" data-x-toggle=\"tab\" data-x-toggleable=\"x-legacy-tab-2\" data-x-toggle-group=\"69dec21aaca94\">Ausbildung<\/a><\/li><li  class=\"x-nav-tabs-item\"  role=\"presentation\"><a id=\"x-legacy-tab-3\" aria-selected=\"false\" aria-controls=\"x-legacy-panel-3\" role=\"tab\" data-x-toggle=\"tab\" data-x-toggleable=\"x-legacy-tab-3\" data-x-toggle-group=\"69dec21aaca94\">Noch mehr Praxis<\/a><\/li><\/ul><div  class=\"x-tab-content\" ><div id=\"x-legacy-panel-1\" class=\"x-tab-pane active\"  aria-hidden=\"false\" aria-labelledby=\"x-legacy-tab-1\" role=\"tabpanel\" data-x-toggleable=\"x-legacy-tab-1\">\n<p>Wir bieten euch die M\u00f6glichkeit, ein duales Studium im Modell vertiefte Praxis mit uns zu absolvieren.<\/p>\n<p>Intensive Praxisphasen w\u00e4hrend der vorlesungsfreien Zeit und ein komplettes Praxissemester im Bachelorstudium erg\u00e4nzen das regul\u00e4re wissenschaftliche Studium.<br \/>\nDu arbeitest bei uns an realen Kundenprojekten mit und vertiefst deine theoretischen Kenntnisse in verschiedenen Fachabteilungen. Der Schwerpunkt deiner praktischen T\u00e4tigkeit liegt auf der Software-Entwicklung. Deine Studien- und Abschlussarbeiten verfasst du unter kompetenter Betreuung ebenfalls bei uns.<\/p>\n<p>Nach sieben bzw. drei Semestern schlie\u00dft du mit dem international anerkannten Titel &#8222;Bachelor of Science&#8220; (B. Sc.) oder &#8222;Master of Science&#8220; (M.Sc.) ab.<\/p>\n<p><strong>Deine Bewerbung<\/strong><br \/>\nBei Interesse sende deine aussagef\u00e4higen Bewerbungsunterlagen bitte per E-Mail an studium@epos-cat.de.<\/p>\n<p>Wir sind Kooperationspartner der Technischen Hochschule Ingolstadt, N\u00fcrnberg und Regensburg. Die aktuellen Studienf\u00e4cher- und angebote findet ihr direkt auf der Webseite der jeweiligen Hochschule.<\/p>\n<div style=\"display:flex; justify-content:space-evenly; gap:20px;\">\n  <a href=\"https:\/\/www.thi.de\/studium\/studienangebote\/duales-studium\/\" style=\"flex:1; display:flex; align-items:center; justify-content:center; min-height:100px;\"><br \/>\n    <img decoding=\"async\" src=\"https:\/\/www.epos-cat.de\/web\/wp-content\/uploads\/2026\/02\/thi-logo-cmyk_Wortbildmarke_dunkelblau-scaled.jpg\" style=\"max-width:100%; height:auto;\"><br \/>\n  <\/a><br \/>\n  <a href=\"https:\/\/www.th-nuernberg.de\/studium-karriere\/studien-und-bildungsangebot\/duale-studienmodelle\/\" style=\"flex:1; display:flex; align-items:center; justify-content:center; min-height:100px;\"><br \/>\n    <img decoding=\"async\" src=\"https:\/\/www.epos-cat.de\/web\/wp-content\/uploads\/2023\/07\/2023_Ohm_Logo_Rot_mitZusatz_RGB-300x73.png\" style=\"max-width:100%; height:auto;\"><br \/>\n  <\/a><br \/>\n  <a href=\"https:\/\/www.oth-regensburg.de\/dual\" style=\"flex:1; display:flex; align-items:center; justify-content:center; min-height:100px;\"><br \/>\n    <img decoding=\"async\" src=\"https:\/\/www.epos-cat.de\/web\/wp-content\/uploads\/2023\/11\/Logo-OTH-Regensburg-300x52.png\" style=\"max-width:100%; height:auto;\"><br \/>\n  <\/a>\n<\/div>\n<\/div><div id=\"x-legacy-panel-2\" class=\"x-tab-pane\"  aria-hidden=\"true\" aria-labelledby=\"x-legacy-tab-2\" role=\"tabpanel\" data-x-toggleable=\"x-legacy-tab-2\">\n<p>Innerhalb von drei Jahren bilden wir dich zum Fachinformatiker f\u00fcr Anwendungsentwicklung oder Systemintegration aus. Lerne entweder die Software-Entwicklung von A bis Z kennen oder spezialisiere dich auf die Installation, Konfiguration, Betrieb und Wartung von Computersystemen.<\/p>\n<p>Profitiere von unserer langj\u00e4hrigen Erfahrung als Ausbildungsbetrieb und verbinde von Anfang Theorie und Praxis. Du arbeitest bereits zu Beginn an Projekten mit und sammelst so schnell praktisches Know-how. Wir vermitteln dir in jeder Phase deiner Ausbildung das fachliche und methodische K\u00f6nnen und f\u00f6rdern deine pers\u00f6nliche Weiterentwicklung.<\/p>\n<p>Die praktische Ausbildung bei uns im Haus wird durch den Besuch der Berufsschule um theoretische Inhalte erg\u00e4nzt. Nach einer erfolgreichen Zwischen- und Abschlusspr\u00fcfung erlangst du einen IHK-Abschluss und hast beste Voraussetzungen, in unser Team \u00fcbernommen zu werden.<\/p>\n<p><strong>Ihre Bewerbung<\/strong><br \/>\nBei Interesse sende deine aussagef\u00e4higen Bewerbungsunterlagen bitte per E-Mail an bewerbung@epos-cat.de.<\/p>\n<\/div><div id=\"x-legacy-panel-3\" class=\"x-tab-pane\"  aria-hidden=\"true\" aria-labelledby=\"x-legacy-tab-3\" role=\"tabpanel\" data-x-toggleable=\"x-legacy-tab-3\">\n<p>Wenn du Theorie in der Praxis umsetzen m\u00f6chtest oder ein Unternehmen f\u00fcr deine Abschlussarbeit suchst, unterst\u00fctzen wir dich dabei mit folgenden studienbegleitenden T\u00e4tigkeiten:<\/p>\n<ul>\n<li>Praktikum<\/li>\n<li>Abschlussarbeiten (Bachelor, Master, Diplom)<\/li>\n<li>Werkt\u00e4tigkeit<\/li>\n<\/ul>\n<p>Du kannst bei uns Netzwerke f\u00fcr deine berufliche Zukunft kn\u00fcpfen und deine Teamf\u00e4higkeit unter Beweis stellen. Die neu erworbenen F\u00e4higkeiten werden dir bei der Auswahl von Studienschwerpunkten sowie deinem sp\u00e4teren Berufseinstieg behilflich sein.<\/p>\n<p>F\u00fcr deine Abschlussarbeit entwickeln wir gemeinsam ein praxisbezogenes, direkt einsetzbares Thema. Du wirst von einem erfahrenen Kollegen individuell betreut und hast somit stets einen direkten Ansprechpartner.<\/p>\n<p><strong>Deine Bewerbung<\/strong><br \/>\nBei Interesse an einer der ausgeschriebenen T\u00e4tigkeiten bewirb dich bitte per E-Mail an bewerbung@epos-cat.de mit der gew\u00fcnschten T\u00e4tigkeit als Stichwort.<\/p>\n<\/div><\/div><\/div><\/div><\/div><\/div>\n","protected":false},"excerpt":{"rendered":"","protected":false},"author":1,"featured_media":0,"parent":0,"menu_order":0,"comment_status":"closed","ping_status":"closed","template":"template-layout-full-width.php","meta":{"rs_blank_template":"","rs_page_bg_color":"","slide_template_v7":"","footnotes":""},"class_list":["post-400","page","type-page","status-publish","hentry","no-post-thumbnail"],"_links":{"self":[{"href":"https:\/\/www.epos-cat.de\/web\/wp-json\/wp\/v2\/pages\/400","targetHints":{"allow":["GET"]}}],"collection":[{"href":"https:\/\/www.epos-cat.de\/web\/wp-json\/wp\/v2\/pages"}],"about":[{"href":"https:\/\/www.epos-cat.de\/web\/wp-json\/wp\/v2\/types\/page"}],"author":[{"embeddable":true,"href":"https:\/\/www.epos-cat.de\/web\/wp-json\/wp\/v2\/users\/1"}],"replies":[{"embeddable":true,"href":"https:\/\/www.epos-cat.de\/web\/wp-json\/wp\/v2\/comments?post=400"}],"version-history":[{"count":165,"href":"https:\/\/www.epos-cat.de\/web\/wp-json\/wp\/v2\/pages\/400\/revisions"}],"predecessor-version":[{"id":4880,"href":"https:\/\/www.epos-cat.de\/web\/wp-json\/wp\/v2\/pages\/400\/revisions\/4880"}],"wp:attachment":[{"href":"https:\/\/www.epos-cat.de\/web\/wp-json\/wp\/v2\/media?parent=400"}],"curies":[{"name":"wp","href":"https:\/\/api.w.org\/{rel}","templated":true}]}}