{"id":53,"date":"2015-07-09T15:39:55","date_gmt":"2015-07-09T13:39:55","guid":{"rendered":"https:\/\/www.epos-cat.de\/web\/?page_id=53"},"modified":"2026-04-28T14:06:59","modified_gmt":"2026-04-28T12:06:59","slug":"internet-services","status":"publish","type":"page","link":"https:\/\/www.epos-cat.de\/web\/internet-services\/","title":{"rendered":"Internet Services"},"content":{"rendered":"<div id=\"cs-content\" class=\"cs-content\"><div id=\"x-section-1\" class=\"x-section\" style=\"margin: 0px;padding: 5% 0px; background-color: transparent;\" ><div id=\"\" class=\"x-container max width\" style=\"margin: 0px auto;padding: 0px;\" ><div  class=\"x-column x-sm x-1-3\" style=\"padding: 0px;\" ><div  class=\"x-feature-box center-text top-text cf\" style=\" max-width: none;\" data-x-element=\"feature_box\" data-x-params=\"{&quot;child&quot;:false,&quot;graphicAnimation&quot;:&quot;none&quot;,&quot;graphicAnimationOffset&quot;:&quot;50&quot;,&quot;graphicAnimationDelay&quot;:&quot;0&quot;}\"><div class=\"x-feature-box-graphic circle \"><div class=\"x-feature-box-graphic-outer circle\" style=\"\"><div class=\"x-feature-box-graphic-inner circle\" style=\"font-size: 80px;\"><img decoding=\"async\" class=\"circle\" src=\"https:\/\/www.epos-cat.de\/web\/wp-content\/uploads\/2017\/11\/atlassian_icon.png\" style=\"margin: 0 auto;\"><\/div><\/div><\/div><div class=\"x-feature-box-content \"><h4 class=\"x-feature-box-title\">Atlassian<\/h4><p class=\"x-feature-box-text\"> Aufgabenverfolgung, Zusammenarbeit und Wissensmanagement<br \/>\n <a href=\"#atlassian\" title=\"MEHR\">MEHR<\/a><\/p><\/div><\/div><\/div><div  class=\"x-column x-sm x-1-3\" style=\"padding: 0px;\" ><div  class=\"x-feature-box center-text top-text cf\" style=\" max-width: none;\" data-x-element=\"feature_box\" data-x-params=\"{&quot;child&quot;:false,&quot;graphicAnimation&quot;:&quot;none&quot;,&quot;graphicAnimationOffset&quot;:&quot;50&quot;,&quot;graphicAnimationDelay&quot;:&quot;0&quot;}\"><div class=\"x-feature-box-graphic circle \"><div class=\"x-feature-box-graphic-outer circle\" style=\"\"><div class=\"x-feature-box-graphic-inner circle\" style=\"font-size: 80px;\"><i class=\"x-icon-desktop circle\" data-x-icon-s=\"&#xf390;\"  style=\"margin: 0 auto; color: #ffffff; background-color: #282829;\"><\/i><\/div><\/div><\/div><div class=\"x-feature-box-content \"><h4 class=\"x-feature-box-title\">SaaS<\/h4><p class=\"x-feature-box-text\">Professionelle Web-L\u00f6sungen nach Ihren Vorstellungen<br \/>\n <a href=\"#webseiten\" title=\"MEHR\">MEHR<\/a><\/p><\/div><\/div><\/div><div  class=\"x-column x-sm x-1-3\" style=\"padding: 0px;\" ><div  class=\"x-feature-box center-text top-text cf\" style=\" max-width: none;\" data-x-element=\"feature_box\" data-x-params=\"{&quot;child&quot;:false,&quot;graphicAnimation&quot;:&quot;none&quot;,&quot;graphicAnimationOffset&quot;:&quot;50&quot;,&quot;graphicAnimationDelay&quot;:&quot;0&quot;}\"><div class=\"x-feature-box-graphic circle \"><div class=\"x-feature-box-graphic-outer circle\" style=\"\"><div class=\"x-feature-box-graphic-inner circle\" style=\"font-size: 80px;\"><i class=\"x-icon-gears circle\" data-x-icon-s=\"&#xf085;\"  style=\"margin: 0 auto; color: #ffffff; background-color: #b1b3b4;\"><\/i><\/div><\/div><\/div><div class=\"x-feature-box-content \"><h4 class=\"x-feature-box-title\">Web-L\u00f6sungen<\/h4><p class=\"x-feature-box-text\">Ihre Business-L\u00f6sungen sicher und hochverf\u00fcgbar in der Cloud<br \/> <a href=\"#saas\" title=\"MEHR\">MEHR<\/a><\/p><\/div><\/div><\/div><\/div><\/div><div id=\"atlassian\" class=\"x-section\" style=\"margin: 0px;padding: 5% 0px 0px; background-color: transparent;\" ><div id=\"\" class=\"x-container max width\" style=\"margin: 0px auto;padding: 0px;\" ><div  class=\"x-column x-sm x-1-1\" style=\"padding: 0px;\" ><div  class=\"x-feature-box left-text top-text cf\" style=\" max-width: none;\" data-x-element=\"feature_box\" data-x-params=\"{&quot;child&quot;:false,&quot;graphicAnimation&quot;:&quot;none&quot;,&quot;graphicAnimationOffset&quot;:&quot;50&quot;,&quot;graphicAnimationDelay&quot;:&quot;0&quot;}\"><div class=\"x-feature-box-graphic circle \"><div class=\"x-feature-box-graphic-outer circle\" style=\" margin-right: 20px;\"><div class=\"x-feature-box-graphic-inner circle\" style=\"font-size: 60px;\"><img decoding=\"async\" class=\"circle\" src=\"https:\/\/www.epos-cat.de\/web\/wp-content\/uploads\/2017\/11\/atlassian_icon.png\" style=\"margin: 0 auto;\"><\/div><\/div><\/div><div class=\"x-feature-box-content \"><h4 class=\"x-feature-box-title\">Atlassian<\/h4><p class=\"x-feature-box-text\">Smarte L\u00f6sungen f\u00fcr Aufgabenverfolgung, Zusammenarbeit<br \/>\nund Wissensmanagement<\/p><\/div><\/div><\/div><\/div><\/div><div id=\"atlassian\" class=\"x-section\" style=\"margin: 0px;padding: 0px 0px 5%; background-color: transparent;\" ><div id=\"\" class=\"x-container max width\" style=\"margin: 0px auto;padding: 0px;\" ><div  class=\"x-column x-sm x-1-2\" style=\"padding: 0px;\" ><div id=\"\" class=\"x-text\" style=\"\" ><p>Mit den Software-L\u00f6sungen des australischen Herstellers Atlassian geben wir Ihnen professionelle und zugleich intuitiv bedienbare Werkzeugunterst\u00fctzung f\u00fcr agiles Projektmanagement, Kommunikation und modernes Wissensmanagement an die Hand.<\/p>\n<p>Kompetenzen k\u00f6nnen damit geb\u00fcndelt, Entwicklungszeiten reduziert und Prozesse effektiver und transparenter gestaltet werden. Auf diese Weise wird die zentrale und team\u00fcbergreifende Organisation des gesamten Produktlebenszyklus erm\u00f6glicht.<\/p>\n<p>Als Atlassian Silber Solution Partner analysieren wir bestehende Informations- und Prozessstrukturen und realisieren kundenspezifische Projekte. Unsere Unterst\u00fctzung endet nicht mit der erfolgreichen Implementierung. Wir bieten Ihnen auch Coachings sowie Support und erh\u00f6hen mit zielgruppengerechter Change Kommunikation die Akzeptanz bei Managern und Mitarbeitern.<\/p>\n<\/div><\/div><div  class=\"x-column x-sm x-1-2\" style=\"padding: 0px;\" ><img decoding=\"async\"  class=\"x-img x-img-none\"  src=\"https:\/\/www.epos-cat.de\/web\/wp-content\/uploads\/2026\/04\/Bild_Atlassian_Website_2026.png\" ><\/div><\/div><\/div><div id=\"webseiten\" class=\"x-section\" style=\"margin: 0px;padding: 5% 0px 0px; background-color: transparent;\" ><div id=\"\" class=\"x-container max width\" style=\"margin: 0px auto;padding: 0px;\" ><div  class=\"x-column x-sm x-1-2\" style=\"padding: 0px;\" >&nbsp;<\/div><div  class=\"x-column x-sm x-1-2\" style=\"padding: 0px;\" ><div  class=\"x-feature-box left-text top-text cf\" style=\" max-width: none;\" data-x-element=\"feature_box\" data-x-params=\"{&quot;child&quot;:false,&quot;graphicAnimation&quot;:&quot;none&quot;,&quot;graphicAnimationOffset&quot;:&quot;50&quot;,&quot;graphicAnimationDelay&quot;:&quot;0&quot;}\"><div class=\"x-feature-box-graphic circle \"><div class=\"x-feature-box-graphic-outer circle\" style=\" margin-right: 20px;\"><div class=\"x-feature-box-graphic-inner circle\" style=\"font-size: 60px;\"><i class=\"x-icon-desktop circle\" data-x-icon-s=\"&#xf390;\"  style=\"margin: 0 auto; color: #ffffff; background-color: #282829;\"><\/i><\/div><\/div><\/div><div class=\"x-feature-box-content \"><h4 class=\"x-feature-box-title\">Web-L\u00f6sungen<\/h4><p class=\"x-feature-box-text\">Professionelle Web-L\u00f6sungen nach Ihren Vorstellungen<\/p><\/div><\/div><\/div><\/div><\/div><div id=\"webseiten\" class=\"x-section\" style=\"margin: 0px;padding: 0px 0px 5%; background-color: transparent;\" ><div id=\"\" class=\"x-container max width\" style=\"margin: 0px auto;padding: 0px;\" ><div  class=\"x-column x-sm x-1-2\" style=\"padding: 0px;\" ><img decoding=\"async\"  class=\"x-img x-img-none\"  src=\"https:\/\/www.epos-cat.de\/web\/wp-content\/uploads\/2016\/10\/web-loesungen.png\" ><\/div><div  class=\"x-column x-sm x-1-2\" style=\"padding: 0px;\" ><div id=\"\" class=\"x-text\" style=\"\" ><p>F\u00fcr unsere Kunden konzipieren, entwickeln, gestalten und betreiben wir professionelle Web-L\u00f6sungen unter Einsatz neuester Technologien. Profitieren Sie von unserer langj\u00e4hrigen Erfahrung im Webhosting und der geb\u00fcndelten IT-Kompetenz eines Systemhauses.<\/p>\n<p>Insbesondere im Bereich webbasierter Content-Management-Systeme (CMS), Dokumenten-Management-Systeme (DMS) und Collaboration-L\u00f6sungen verf\u00fcgen wir \u00fcber ausgepr\u00e4gte Fachkenntnis und branchenspezifisches Know-how.<\/p>\n<p>Sie ben\u00f6tigen Unterst\u00fctzung bei der Planung und Gestaltung neuer Webseiten oder m\u00f6chten bestehende Web-Auftritte optimieren? Gerne sprechen wir Ihre Vorstellungen und W\u00fcnsche durch und erstellen gemeinsam mit Ihnen ein ma\u00dfgeschneidertes Konzept.<\/p>\n<\/div><\/div><\/div><\/div><div id=\"saas\" class=\"x-section\" style=\"margin: 0px;padding: 5% 0px 0px; background-color: transparent;\" ><div id=\"\" class=\"x-container max width\" style=\"margin: 0px auto;padding: 0px;\" ><div  class=\"x-column x-sm x-1-1\" style=\"padding: 0px;\" ><div  class=\"x-feature-box left-text top-text cf\" style=\" max-width: none;\" data-x-element=\"feature_box\" data-x-params=\"{&quot;child&quot;:false,&quot;graphicAnimation&quot;:&quot;none&quot;,&quot;graphicAnimationOffset&quot;:&quot;50&quot;,&quot;graphicAnimationDelay&quot;:&quot;0&quot;}\"><div class=\"x-feature-box-graphic circle \"><div class=\"x-feature-box-graphic-outer circle\" style=\" margin-right: 20px;\"><div class=\"x-feature-box-graphic-inner circle\" style=\"font-size: 60px;\"><i class=\"x-icon-gears circle\" data-x-icon-s=\"&#xf085;\"  style=\"margin: 0 auto; color: #ffffff; background-color: #b1b3b4;\"><\/i><\/div><\/div><\/div><div class=\"x-feature-box-content \"><h4 class=\"x-feature-box-title\">SaaS<\/h4><p class=\"x-feature-box-text\">Ihre Business-Applikationen sicher in der Cloud<\/p><\/div><\/div><\/div><\/div><\/div><div id=\"saas\" class=\"x-section\" style=\"margin: 0px;padding: 0px 0px 5%; background-color: transparent;\" ><div id=\"\" class=\"x-container max width\" style=\"margin: 0px auto;padding: 0px;\" ><div  class=\"x-column x-sm x-1-2\" style=\"padding: 0px;\" ><div id=\"\" class=\"x-text\" style=\"\" ><p>Ob betriebswirtschaftliche, redaktionelle oder CRM-Software, Office-Suite oder Collaboration-Tools: Sie w\u00e4hlen die von Ihnen genutzten Anwendungen aus und wir schaffen eine L\u00f6sung, mit der Ihre Mitarbeiter jederzeit und unabh\u00e4ngig von Standort und Endger\u00e4t darauf zugreifen k\u00f6nnen.<\/p>\n<p>Zugleich k\u00fcmmern wir uns um den laufenden Betrieb und s\u00e4mtliche administrative Aufgaben. Mitarbeiter k\u00f6nnen auf unkomplizierte Weise eingebunden und berechtigt werden und durch automatische Updates sind Ihre Tools unternehmensweit stets auf dem neuesten Stand. Regelm\u00e4\u00dfige Backups und unser nach ISO 27001 zertifiziertes IT-Sicherheitskonzept stellen sicher, dass die Verf\u00fcgbarkeit, Integrit\u00e4t und Vertraulichkeit Ihrer Daten zu jedem Zeitpunkt gew\u00e4hrleistet ist.<\/p>\n<p>Optimieren Sie Ihre IT mit unseren flexiblen und zuverl\u00e4ssigen Cloud-Services!<\/p>\n<\/div><\/div><div  class=\"x-column x-sm x-1-2\" style=\"padding: 0px;\" ><img decoding=\"async\"  class=\"x-img x-img-none\"  src=\"https:\/\/www.epos-cat.de\/web\/wp-content\/uploads\/2016\/10\/SaaS.jpg\" ><\/div><\/div><\/div><\/div>\n","protected":false},"excerpt":{"rendered":"","protected":false},"author":1,"featured_media":0,"parent":0,"menu_order":0,"comment_status":"closed","ping_status":"open","template":"template-layout-full-width.php","meta":{"rs_blank_template":"","rs_page_bg_color":"","slide_template_v7":"","footnotes":""},"class_list":["post-53","page","type-page","status-publish","hentry","no-post-thumbnail"],"_links":{"self":[{"href":"https:\/\/www.epos-cat.de\/web\/wp-json\/wp\/v2\/pages\/53","targetHints":{"allow":["GET"]}}],"collection":[{"href":"https:\/\/www.epos-cat.de\/web\/wp-json\/wp\/v2\/pages"}],"about":[{"href":"https:\/\/www.epos-cat.de\/web\/wp-json\/wp\/v2\/types\/page"}],"author":[{"embeddable":true,"href":"https:\/\/www.epos-cat.de\/web\/wp-json\/wp\/v2\/users\/1"}],"replies":[{"embeddable":true,"href":"https:\/\/www.epos-cat.de\/web\/wp-json\/wp\/v2\/comments?post=53"}],"version-history":[{"count":44,"href":"https:\/\/www.epos-cat.de\/web\/wp-json\/wp\/v2\/pages\/53\/revisions"}],"predecessor-version":[{"id":5000,"href":"https:\/\/www.epos-cat.de\/web\/wp-json\/wp\/v2\/pages\/53\/revisions\/5000"}],"wp:attachment":[{"href":"https:\/\/www.epos-cat.de\/web\/wp-json\/wp\/v2\/media?parent=53"}],"curies":[{"name":"wp","href":"https:\/\/api.w.org\/{rel}","templated":true}]}}